{"id":1867,"date":"2021-08-28T10:17:39","date_gmt":"2021-08-28T08:17:39","guid":{"rendered":"https:\/\/www.lilium-tc.com\/?post_type=product&#038;p=1867"},"modified":"2022-12-31T17:18:25","modified_gmt":"2022-12-31T16:18:25","slug":"lilium-kesselringianum-2","status":"publish","type":"product","link":"https:\/\/www.lilium-tc.com\/?product=lilium-kesselringianum-2","title":{"rendered":"Lilium kesselringianum"},"content":{"rendered":"<p><strong>Lilium kesselringianum Mischenko 1914<\/strong><\/p>\n<p><strong>Origin:<\/strong><br \/>\nCaucasus<\/p>\n<p><img fetchpriority=\"high\" decoding=\"async\" class=\"alignnone size-medium wp-image-418\" src=\"https:\/\/hp.lilium-tc.com\/wp-content\/uploads\/2020\/08\/Lilium-kesselringianum-Aydin-1-300x169.jpg\" alt=\"\" width=\"300\" height=\"169\" srcset=\"https:\/\/www.lilium-tc.com\/wp-content\/uploads\/2020\/08\/Lilium-kesselringianum-Aydin-1-300x169.jpg 300w, https:\/\/www.lilium-tc.com\/wp-content\/uploads\/2020\/08\/Lilium-kesselringianum-Aydin-1-600x338.jpg 600w, https:\/\/www.lilium-tc.com\/wp-content\/uploads\/2020\/08\/Lilium-kesselringianum-Aydin-1-64x36.jpg 64w, https:\/\/www.lilium-tc.com\/wp-content\/uploads\/2020\/08\/Lilium-kesselringianum-Aydin-1-768x432.jpg 768w, https:\/\/www.lilium-tc.com\/wp-content\/uploads\/2020\/08\/Lilium-kesselringianum-Aydin-1.jpg 960w\" sizes=\"(max-width: 300px) 100vw, 300px\" \/><br \/>\n<em> and of its nat. habitat in Turkey at 1.800 m<\/em><\/p>\n<p><strong>Production:<\/strong><br \/>\nsowing <strong>Lilium kesselringianum # 1 BM (11.16)<\/strong> (Lkess1)<br \/>\nsource: Boris Menyaylow, Armenia<br \/>\n25% germination<br \/>\ntissue-culture (09.19)<\/p>\n<p><img decoding=\"async\" class=\"alignnone size-medium wp-image-419\" src=\"https:\/\/hp.lilium-tc.com\/wp-content\/uploads\/2020\/08\/Lilium-kesselringianum-Aydin-3-300x169.jpg\" alt=\"\" width=\"300\" height=\"169\" srcset=\"https:\/\/www.lilium-tc.com\/wp-content\/uploads\/2020\/08\/Lilium-kesselringianum-Aydin-3-300x169.jpg 300w, https:\/\/www.lilium-tc.com\/wp-content\/uploads\/2020\/08\/Lilium-kesselringianum-Aydin-3-600x338.jpg 600w, https:\/\/www.lilium-tc.com\/wp-content\/uploads\/2020\/08\/Lilium-kesselringianum-Aydin-3-64x36.jpg 64w, https:\/\/www.lilium-tc.com\/wp-content\/uploads\/2020\/08\/Lilium-kesselringianum-Aydin-3-768x432.jpg 768w, https:\/\/www.lilium-tc.com\/wp-content\/uploads\/2020\/08\/Lilium-kesselringianum-Aydin-3.jpg 960w\" sizes=\"(max-width: 300px) 100vw, 300px\" \/><br \/>\n<em>in courtesy of Ayd\u0131n T\u00fcfek\u00e7io\u011flu\u00a0<\/em><\/p>\n<p>sowing <strong>Lilium kesselringianum # 2 Pep (02.19)<\/strong> (Lkess2)<br \/>\nsource: Peter Janises, Sweden<br \/>\nin germination<\/p>\n<p>sowing <strong>Lilium kesselringianum # 3 YD (02.17)<\/strong> (Lkess3)<br \/>\nAzerbaijan-strain<br \/>\nin germination<br \/>\ntc<\/p>\n<p>sowing <strong>Lilium kesselringianum AM # 4 (10.22)<\/strong> (Lkess4)<br \/>\nsource: Alan Mitchell, Scotland<br \/>\nsowing: (12.22)<\/p>\n<p><img decoding=\"async\" class=\"alignnone size-medium wp-image-202\" src=\"https:\/\/hp.lilium-tc.com\/wp-content\/uploads\/2020\/07\/Lilium-kesselringianum-\u00d6zt\u00fcrk-1-258x300.jpg\" alt=\"\" width=\"258\" height=\"300\" srcset=\"https:\/\/www.lilium-tc.com\/wp-content\/uploads\/2020\/07\/Lilium-kesselringianum-\u00d6zt\u00fcrk-1-258x300.jpg 258w, https:\/\/www.lilium-tc.com\/wp-content\/uploads\/2020\/07\/Lilium-kesselringianum-\u00d6zt\u00fcrk-1-600x697.jpg 600w, https:\/\/www.lilium-tc.com\/wp-content\/uploads\/2020\/07\/Lilium-kesselringianum-\u00d6zt\u00fcrk-1-64x74.jpg 64w, https:\/\/www.lilium-tc.com\/wp-content\/uploads\/2020\/07\/Lilium-kesselringianum-\u00d6zt\u00fcrk-1-768x893.jpg 768w, https:\/\/www.lilium-tc.com\/wp-content\/uploads\/2020\/07\/Lilium-kesselringianum-\u00d6zt\u00fcrk-1.jpg 826w\" sizes=\"(max-width: 258px) 100vw, 258px\" \/><br \/>\n<em>Lilium kesselringianum in courtesy of \u00d6zt\u00fcrk<\/em><\/p>\n<p><em>product-image in courtesy of Aydin<\/em><\/p>\n","protected":false},"excerpt":{"rendered":"<p>Lilium kesselringianum Mischenko 1914 Origin: Caucasus and of its nat. habitat in Turkey at 1.800 m Production: sowing Lilium kesselringianum # 1 BM (11.16) (Lkess1) source: Boris Menyaylow, Armenia 25% germination tissue-culture (09.19) in courtesy of Ayd\u0131n T\u00fcfek\u00e7io\u011flu\u00a0 sowing Lilium kesselringianum # 2 Pep (02.19) (Lkess2) source: Peter Janises, Sweden in germination sowing Lilium kesselringianum [&hellip;]<\/p>\n","protected":false},"featured_media":1859,"template":"","meta":[],"product_brand":[],"product_cat":[15],"product_tag":[],"class_list":{"0":"post-1867","1":"product","2":"type-product","3":"status-publish","4":"has-post-thumbnail","6":"product_cat-unkategorisiert","8":"first","9":"instock","10":"shipping-taxable","11":"product-type-simple"},"_links":{"self":[{"href":"https:\/\/www.lilium-tc.com\/index.php?rest_route=\/wp\/v2\/product\/1867","targetHints":{"allow":["GET"]}}],"collection":[{"href":"https:\/\/www.lilium-tc.com\/index.php?rest_route=\/wp\/v2\/product"}],"about":[{"href":"https:\/\/www.lilium-tc.com\/index.php?rest_route=\/wp\/v2\/types\/product"}],"wp:featuredmedia":[{"embeddable":true,"href":"https:\/\/www.lilium-tc.com\/index.php?rest_route=\/wp\/v2\/media\/1859"}],"wp:attachment":[{"href":"https:\/\/www.lilium-tc.com\/index.php?rest_route=%2Fwp%2Fv2%2Fmedia&parent=1867"}],"wp:term":[{"taxonomy":"product_brand","embeddable":true,"href":"https:\/\/www.lilium-tc.com\/index.php?rest_route=%2Fwp%2Fv2%2Fproduct_brand&post=1867"},{"taxonomy":"product_cat","embeddable":true,"href":"https:\/\/www.lilium-tc.com\/index.php?rest_route=%2Fwp%2Fv2%2Fproduct_cat&post=1867"},{"taxonomy":"product_tag","embeddable":true,"href":"https:\/\/www.lilium-tc.com\/index.php?rest_route=%2Fwp%2Fv2%2Fproduct_tag&post=1867"}],"curies":[{"name":"wp","href":"https:\/\/api.w.org\/{rel}","templated":true}]}}